{"id":2087,"date":"2017-06-20T17:16:20","date_gmt":"2017-06-20T15:16:20","guid":{"rendered":"https:\/\/www.ginetex.ch\/letiquetage-des-fibres\/historisches\/"},"modified":"2017-09-04T13:37:43","modified_gmt":"2017-09-04T11:37:43","slug":"histoire","status":"publish","type":"page","link":"https:\/\/www.ginetex.ch\/fr\/letiquetage-des-fibres\/histoire\/","title":{"rendered":"Histoire"},"content":{"rendered":"<p>Le lancement de nouvelles fibres chimiques et de nouveaux proc\u00e9d\u00e9s d\u2019ennoblissement a exig\u00e9 une d\u00e9claration transparente sur les mati\u00e8res premi\u00e8res textiles.<\/p>\n","protected":false},"excerpt":{"rendered":"<p>Le lancement de nouvelles fibres chimiques et de nouveaux proc\u00e9d\u00e9s d\u2019ennoblissement a exig\u00e9 une d\u00e9claration transparente sur les mati\u00e8res premi\u00e8res textiles.<\/p>\n","protected":false},"author":1,"featured_media":0,"parent":1803,"menu_order":2,"comment_status":"closed","ping_status":"closed","template":"","meta":{"_acf_changed":false,"inline_featured_image":false,"footnotes":""},"class_list":["post-2087","page","type-page","status-publish","hentry"],"acf":[],"_links":{"self":[{"href":"https:\/\/www.ginetex.ch\/fr\/wp-json\/wp\/v2\/pages\/2087","targetHints":{"allow":["GET"]}}],"collection":[{"href":"https:\/\/www.ginetex.ch\/fr\/wp-json\/wp\/v2\/pages"}],"about":[{"href":"https:\/\/www.ginetex.ch\/fr\/wp-json\/wp\/v2\/types\/page"}],"author":[{"embeddable":true,"href":"https:\/\/www.ginetex.ch\/fr\/wp-json\/wp\/v2\/users\/1"}],"replies":[{"embeddable":true,"href":"https:\/\/www.ginetex.ch\/fr\/wp-json\/wp\/v2\/comments?post=2087"}],"version-history":[{"count":0,"href":"https:\/\/www.ginetex.ch\/fr\/wp-json\/wp\/v2\/pages\/2087\/revisions"}],"up":[{"embeddable":true,"href":"https:\/\/www.ginetex.ch\/fr\/wp-json\/wp\/v2\/pages\/1803"}],"wp:attachment":[{"href":"https:\/\/www.ginetex.ch\/fr\/wp-json\/wp\/v2\/media?parent=2087"}],"curies":[{"name":"wp","href":"https:\/\/api.w.org\/{rel}","templated":true}]}}