{"id":2003,"date":"2017-05-11T13:37:02","date_gmt":"2017-05-11T11:37:02","guid":{"rendered":"https:\/\/www.ginetex.ch\/password-reset\/"},"modified":"2017-09-26T15:31:29","modified_gmt":"2017-09-26T13:31:29","slug":"password-reset","status":"publish","type":"page","link":"https:\/\/www.ginetex.ch\/fr\/password-reset\/","title":{"rendered":"R\u00e9initialiser le mot de passe"},"content":{"rendered":"<p>Veuillez saisir votre nom d&#8217;utilisateur ou adresse \u00e9lectronique. Un lien de r\u00e9initialisation de votre mot de passe vous sera envoy\u00e9.<\/p>\n","protected":false},"excerpt":{"rendered":"<p>Veuillez saisir votre nom d&#8217;utilisateur ou adresse \u00e9lectronique. Un lien de r\u00e9initialisation de votre mot de passe vous sera envoy\u00e9.<\/p>\n","protected":false},"author":1,"featured_media":0,"parent":0,"menu_order":17,"comment_status":"closed","ping_status":"open","template":"page-reset-password.php","meta":{"_acf_changed":false,"inline_featured_image":false,"footnotes":""},"class_list":["post-2003","page","type-page","status-publish","hentry"],"acf":[],"_links":{"self":[{"href":"https:\/\/www.ginetex.ch\/fr\/wp-json\/wp\/v2\/pages\/2003","targetHints":{"allow":["GET"]}}],"collection":[{"href":"https:\/\/www.ginetex.ch\/fr\/wp-json\/wp\/v2\/pages"}],"about":[{"href":"https:\/\/www.ginetex.ch\/fr\/wp-json\/wp\/v2\/types\/page"}],"author":[{"embeddable":true,"href":"https:\/\/www.ginetex.ch\/fr\/wp-json\/wp\/v2\/users\/1"}],"replies":[{"embeddable":true,"href":"https:\/\/www.ginetex.ch\/fr\/wp-json\/wp\/v2\/comments?post=2003"}],"version-history":[{"count":2,"href":"https:\/\/www.ginetex.ch\/fr\/wp-json\/wp\/v2\/pages\/2003\/revisions"}],"predecessor-version":[{"id":2568,"href":"https:\/\/www.ginetex.ch\/fr\/wp-json\/wp\/v2\/pages\/2003\/revisions\/2568"}],"wp:attachment":[{"href":"https:\/\/www.ginetex.ch\/fr\/wp-json\/wp\/v2\/media?parent=2003"}],"curies":[{"name":"wp","href":"https:\/\/api.w.org\/{rel}","templated":true}]}}