{"id":1759,"date":"2017-06-20T18:00:44","date_gmt":"2017-06-20T16:00:44","guid":{"rendered":"https:\/\/www.ginetex.ch\/weitere-kennzeichnung\/oekologie-und-nachhaltigkeit\/"},"modified":"2019-03-06T14:03:52","modified_gmt":"2019-03-06T13:03:52","slug":"ecologie-et-developpement-durable","status":"publish","type":"page","link":"https:\/\/www.ginetex.ch\/fr\/autres-etiquetages\/ecologie-et-developpement-durable\/","title":{"rendered":"Ecologie et d\u00e9veloppement durable"},"content":{"rendered":"<p>Nos partenaires proposent des aides cibl\u00e9es et ax\u00e9es sur la pratique dans la mise en \u0153uvre.<\/p>\n","protected":false},"excerpt":{"rendered":"<p>Nos partenaires proposent des aides cibl\u00e9es et ax\u00e9es sur la pratique dans la mise en \u0153uvre.<\/p>\n","protected":false},"author":1,"featured_media":0,"parent":1751,"menu_order":5,"comment_status":"closed","ping_status":"closed","template":"","meta":{"_acf_changed":false,"inline_featured_image":false,"footnotes":""},"class_list":["post-1759","page","type-page","status-publish","hentry"],"acf":[],"_links":{"self":[{"href":"https:\/\/www.ginetex.ch\/fr\/wp-json\/wp\/v2\/pages\/1759","targetHints":{"allow":["GET"]}}],"collection":[{"href":"https:\/\/www.ginetex.ch\/fr\/wp-json\/wp\/v2\/pages"}],"about":[{"href":"https:\/\/www.ginetex.ch\/fr\/wp-json\/wp\/v2\/types\/page"}],"author":[{"embeddable":true,"href":"https:\/\/www.ginetex.ch\/fr\/wp-json\/wp\/v2\/users\/1"}],"replies":[{"embeddable":true,"href":"https:\/\/www.ginetex.ch\/fr\/wp-json\/wp\/v2\/comments?post=1759"}],"version-history":[{"count":1,"href":"https:\/\/www.ginetex.ch\/fr\/wp-json\/wp\/v2\/pages\/1759\/revisions"}],"predecessor-version":[{"id":3760,"href":"https:\/\/www.ginetex.ch\/fr\/wp-json\/wp\/v2\/pages\/1759\/revisions\/3760"}],"up":[{"embeddable":true,"href":"https:\/\/www.ginetex.ch\/fr\/wp-json\/wp\/v2\/pages\/1751"}],"wp:attachment":[{"href":"https:\/\/www.ginetex.ch\/fr\/wp-json\/wp\/v2\/media?parent=1759"}],"curies":[{"name":"wp","href":"https:\/\/api.w.org\/{rel}","templated":true}]}}