{"id":1751,"date":"2017-06-20T17:22:44","date_gmt":"2017-06-20T15:22:44","guid":{"rendered":"https:\/\/www.ginetex.ch\/weitere-kennzeichnung\/"},"modified":"2017-09-05T09:24:33","modified_gmt":"2017-09-05T07:24:33","slug":"autres-etiquetages","status":"publish","type":"page","link":"https:\/\/www.ginetex.ch\/fr\/autres-etiquetages\/","title":{"rendered":"Autres \u00e9tiquetages"},"content":{"rendered":"<p>L\u2019information d\u00e9taill\u00e9e de toutes les parties prenantes est souvent recommand\u00e9e, mais \u00e9galement compliqu\u00e9e \u00e0 mettre en \u0153uvre.<\/p>\n","protected":false},"excerpt":{"rendered":"<p>L\u2019information d\u00e9taill\u00e9e de toutes les parties prenantes est souvent recommand\u00e9e, mais \u00e9galement compliqu\u00e9e \u00e0 mettre en \u0153uvre.<\/p>\n","protected":false},"author":1,"featured_media":0,"parent":0,"menu_order":4,"comment_status":"closed","ping_status":"closed","template":"","meta":{"_acf_changed":false,"inline_featured_image":false,"footnotes":""},"class_list":["post-1751","page","type-page","status-publish","hentry"],"acf":[],"_links":{"self":[{"href":"https:\/\/www.ginetex.ch\/fr\/wp-json\/wp\/v2\/pages\/1751","targetHints":{"allow":["GET"]}}],"collection":[{"href":"https:\/\/www.ginetex.ch\/fr\/wp-json\/wp\/v2\/pages"}],"about":[{"href":"https:\/\/www.ginetex.ch\/fr\/wp-json\/wp\/v2\/types\/page"}],"author":[{"embeddable":true,"href":"https:\/\/www.ginetex.ch\/fr\/wp-json\/wp\/v2\/users\/1"}],"replies":[{"embeddable":true,"href":"https:\/\/www.ginetex.ch\/fr\/wp-json\/wp\/v2\/comments?post=1751"}],"version-history":[{"count":0,"href":"https:\/\/www.ginetex.ch\/fr\/wp-json\/wp\/v2\/pages\/1751\/revisions"}],"wp:attachment":[{"href":"https:\/\/www.ginetex.ch\/fr\/wp-json\/wp\/v2\/media?parent=1751"}],"curies":[{"name":"wp","href":"https:\/\/api.w.org\/{rel}","templated":true}]}}