{"id":1740,"date":"2017-05-17T13:17:59","date_gmt":"2017-05-17T11:17:59","guid":{"rendered":"https:\/\/www.ginetex.ch\/pflegekennzeichnung\/"},"modified":"2019-06-20T14:08:18","modified_gmt":"2019-06-20T12:08:18","slug":"letiquetage-dentretien","status":"publish","type":"page","link":"https:\/\/www.ginetex.ch\/fr\/letiquetage-dentretien\/","title":{"rendered":"L\u2019\u00e9tiquetage d\u2019entretien"},"content":{"rendered":"<p>L\u2019\u00e9tiquetage d\u2019entretien des textiles informe les consommateurs sur comment bien entretenir leurs textiles gr\u00e2ce \u00e0 un syst\u00e8me avec des symboles d\u2019entretien simple, harmonis\u00e9 et ne d\u00e9pendant d\u2019aucune langue<\/p>\n","protected":false},"excerpt":{"rendered":"<p>L\u2019\u00e9tiquetage d\u2019entretien des textiles informe les consommateurs sur comment bien entretenir leurs textiles gr\u00e2ce \u00e0 un syst\u00e8me avec des symboles d\u2019entretien simple, harmonis\u00e9 et ne d\u00e9pendant d\u2019aucune langue<\/p>\n","protected":false},"author":1,"featured_media":0,"parent":0,"menu_order":2,"comment_status":"closed","ping_status":"closed","template":"","meta":{"_acf_changed":false,"inline_featured_image":false,"footnotes":""},"class_list":["post-1740","page","type-page","status-publish","hentry"],"acf":[],"_links":{"self":[{"href":"https:\/\/www.ginetex.ch\/fr\/wp-json\/wp\/v2\/pages\/1740","targetHints":{"allow":["GET"]}}],"collection":[{"href":"https:\/\/www.ginetex.ch\/fr\/wp-json\/wp\/v2\/pages"}],"about":[{"href":"https:\/\/www.ginetex.ch\/fr\/wp-json\/wp\/v2\/types\/page"}],"author":[{"embeddable":true,"href":"https:\/\/www.ginetex.ch\/fr\/wp-json\/wp\/v2\/users\/1"}],"replies":[{"embeddable":true,"href":"https:\/\/www.ginetex.ch\/fr\/wp-json\/wp\/v2\/comments?post=1740"}],"version-history":[{"count":1,"href":"https:\/\/www.ginetex.ch\/fr\/wp-json\/wp\/v2\/pages\/1740\/revisions"}],"predecessor-version":[{"id":3829,"href":"https:\/\/www.ginetex.ch\/fr\/wp-json\/wp\/v2\/pages\/1740\/revisions\/3829"}],"wp:attachment":[{"href":"https:\/\/www.ginetex.ch\/fr\/wp-json\/wp\/v2\/media?parent=1740"}],"curies":[{"name":"wp","href":"https:\/\/api.w.org\/{rel}","templated":true}]}}